{"id":552,"date":"2015-10-27T10:54:43","date_gmt":"2015-10-27T08:54:43","guid":{"rendered":"https:\/\/www.reiterer-marangoni.it\/it\/?page_id=552"},"modified":"2023-03-06T16:55:44","modified_gmt":"2023-03-06T14:55:44","slug":"credits","status":"publish","type":"page","link":"https:\/\/www.blume-asam.de\/it\/credits\/","title":{"rendered":"Impressum"},"content":{"rendered":"<p>Informazioni ai sensi del <a href=\"http:\/\/www.gesetze-im-internet.de\/tmg\/__5.html\" target=\"_blank\" rel=\"noopener\">\u00a7 5 Telemediengesetz (TMG)<\/a><\/p>\n<p>Gestore del sito:<\/p>\n<p><strong>Blume &amp; Asam<\/strong><br \/>\n<strong> Rechtsanw\u00e4lte &#8211; Avvocati<\/strong><\/p>\n<p>Adamstra\u00dfe 4, D-80636, Monaco<\/p>\n<p>Tel: +49 89 121536 0<br \/>\nFax: +49 89 121536 24<br \/>\ne-mail: <a href=\"mailto:info@blume-asam.de\" target=\"_blank\" rel=\"noopener\">info@blume-asam.de<\/a><\/p>\n<p>Partita IVA: DE129731676<\/p>\n<p><strong>Gli avvocati<\/strong><br \/>\nGli avvocati dello studio Blume &amp; Asam presentati nell\u2019ambito di questo sito internet, eccetto il Dr. Guido Marangoni, sono abilitati all\u2019esercizio della professione nella Repubblica Federale Tedesca e sono membri dell\u2019ordine degli avvocati di Monaco di Baviera (www.rechtsanwaltskammer-muenchen.de). Dr. Karl Reiterer \u00e8 anche iscritto all\u2019ordine degli avvocati di Bolzano, mentre il Dr. Guido Marangoni \u00e8 solo abilitato alla professione in Italia ed iscritto all\u2019ordine degli avvocati di Bolzano (<a href=\"http:\/\/www.ordineavvocati.bz.it\/de\/kontakt.php\" target=\"_blank\" rel=\"noopener\">www.ordineavvocati.bz.it<\/a>).<\/p>\n<p><strong>Attivit\u00e0<\/strong><\/p>\n<p>L\u2019attivit\u00e0 degli avvocati abilitati in Germania deve essere esercitata nel rispetto delle seguenti disposizioni di diritto professionale, che possono essere lette sul sito web dell\u2019ordine degli avvocati della Germania (www.brak.de) sotto la sezione \u201c<a href=\"http:\/\/www.brak.de\/fuer-anwaelte\/berufsrecht\/\" target=\"_blank\" rel=\"noopener\">Berufsrecht<\/a>\u201d (diritto professionale):<\/p>\n<p>Bundesrechtsanwaltsordnung (BRAO),<br \/>\nBerufsordnung (BORA),<br \/>\nFachanwaltsordnung (FAO),<br \/>\nGesetz \u00fcber die Verg\u00fctung der Rechtsanw\u00e4ltinnen und Rechtsanw\u00e4lte (RVG)<br \/>\nBerufsregeln der Rechtsanw\u00e4lte der Europ\u00e4ischen Gemeinschaft (CCBE-Berufsregeln)<br \/>\nGesetz \u00fcber die T\u00e4tigkeit europ\u00e4ischer Rechtsanw\u00e4lte in Deutschland (EuRAG)<br \/>\nLaw Implementing the Directives of the European Community pertaining to the professional law regulating the legal profession.<\/p>\n<p><strong>Assicurazione per la responsabilit\u00e0 professionale<\/strong><br \/>\nL&#8217; assicurazione per la responsabilit\u00e0 professionale esiste presso la ERGO Versicherung AG (Amtsgericht D\u00fcsseldorf HRB 36466).<\/p>\n<p>Responsabile per il contenuto ai sensi del \u00a7 55 Abs. 2 RStV:<br \/>\nDr. Wolfgang Ertel<\/p>\n<p>Realizzazione, hosting: <a href=\"http:\/\/www.wunderfarm.com\" target=\"_blank\" rel=\"noopener\">wunderfarm<\/a><\/p>\n<p>Concetto, webdesign: <a href=\"http:\/\/www.n-project.com\" target=\"_blank\" rel=\"noopener\">n!project<\/a><\/p>\n<p>Foto: Elisabeth H\u00f6lzl, Adobestock<\/p>\n","protected":false},"excerpt":{"rendered":"<p>Informazioni ai sensi del \u00a7 5 Telemediengesetz (TMG) Gestore del sito: Blume &amp; Asam Rechtsanw\u00e4lte &#8211; Avvocati Adamstra\u00dfe 4, D-80636, Monaco Tel: +49 89 121536 0 Fax: +49 89 121536 24 e-mail: info@blume-asam.de Partita IVA: DE129731676 Gli avvocati Gli avvocati dello studio Blume &amp; Asam [&hellip;]<\/p>\n","protected":false},"author":1,"featured_media":0,"parent":0,"menu_order":0,"comment_status":"closed","ping_status":"closed","template":"","meta":{"_acf_changed":false,"footnotes":""},"acf":[],"yoast_head":"<!-- This site is optimized with the Yoast SEO plugin v22.5 - https:\/\/yoast.com\/wordpress\/plugins\/seo\/ -->\n<title>Impressum - Blume &amp; Asam<\/title>\n<meta name=\"robots\" content=\"index, follow, max-snippet:-1, max-image-preview:large, max-video-preview:-1\" \/>\n<link rel=\"canonical\" href=\"https:\/\/www.blume-asam.de\/it\/credits\/\" \/>\n<meta property=\"og:locale\" content=\"it_IT\" \/>\n<meta property=\"og:type\" content=\"article\" \/>\n<meta property=\"og:title\" content=\"Impressum - Blume &amp; Asam\" \/>\n<meta property=\"og:description\" content=\"Informazioni ai sensi del \u00a7 5 Telemediengesetz (TMG) Gestore del sito: Blume &amp; Asam Rechtsanw\u00e4lte &#8211; Avvocati Adamstra\u00dfe 4, D-80636, Monaco Tel: +49 89 121536 0 Fax: +49 89 121536 24 e-mail: info@blume-asam.de Partita IVA: DE129731676 Gli avvocati Gli avvocati dello studio Blume &amp; Asam [&hellip;]\" \/>\n<meta property=\"og:url\" content=\"https:\/\/www.blume-asam.de\/it\/credits\/\" \/>\n<meta property=\"og:site_name\" content=\"Blume &amp; Asam\" \/>\n<meta property=\"article:modified_time\" content=\"2023-03-06T14:55:44+00:00\" \/>\n<meta name=\"twitter:card\" content=\"summary_large_image\" \/>\n<meta name=\"twitter:label1\" content=\"Est. reading time\" \/>\n\t<meta name=\"twitter:data1\" content=\"2 minuti\" \/>\n<script type=\"application\/ld+json\" class=\"yoast-schema-graph\">{\"@context\":\"https:\/\/schema.org\",\"@graph\":[{\"@type\":\"WebPage\",\"@id\":\"https:\/\/www.blume-asam.de\/it\/credits\/\",\"url\":\"https:\/\/www.blume-asam.de\/it\/credits\/\",\"name\":\"Impressum - Blume &amp; Asam\",\"isPartOf\":{\"@id\":\"https:\/\/www.blume-asam.de\/de\/#website\"},\"datePublished\":\"2015-10-27T08:54:43+00:00\",\"dateModified\":\"2023-03-06T14:55:44+00:00\",\"inLanguage\":\"it-IT\",\"potentialAction\":[{\"@type\":\"ReadAction\",\"target\":[\"https:\/\/www.blume-asam.de\/it\/credits\/\"]}]},{\"@type\":\"WebSite\",\"@id\":\"https:\/\/www.blume-asam.de\/de\/#website\",\"url\":\"https:\/\/www.blume-asam.de\/de\/\",\"name\":\"Blume &amp; Asam\",\"description\":\"Rechtsanw\u00e4lte\",\"potentialAction\":[{\"@type\":\"SearchAction\",\"target\":{\"@type\":\"EntryPoint\",\"urlTemplate\":\"https:\/\/www.blume-asam.de\/de\/?s={search_term_string}\"},\"query-input\":\"required name=search_term_string\"}],\"inLanguage\":\"it-IT\"}]}<\/script>\n<!-- \/ Yoast SEO plugin. -->","yoast_head_json":{"title":"Impressum - Blume &amp; Asam","robots":{"index":"index","follow":"follow","max-snippet":"max-snippet:-1","max-image-preview":"max-image-preview:large","max-video-preview":"max-video-preview:-1"},"canonical":"https:\/\/www.blume-asam.de\/it\/credits\/","og_locale":"it_IT","og_type":"article","og_title":"Impressum - Blume &amp; Asam","og_description":"Informazioni ai sensi del \u00a7 5 Telemediengesetz (TMG) Gestore del sito: Blume &amp; Asam Rechtsanw\u00e4lte &#8211; Avvocati Adamstra\u00dfe 4, D-80636, Monaco Tel: +49 89 121536 0 Fax: +49 89 121536 24 e-mail: info@blume-asam.de Partita IVA: DE129731676 Gli avvocati Gli avvocati dello studio Blume &amp; Asam [&hellip;]","og_url":"https:\/\/www.blume-asam.de\/it\/credits\/","og_site_name":"Blume &amp; Asam","article_modified_time":"2023-03-06T14:55:44+00:00","twitter_card":"summary_large_image","twitter_misc":{"Est. reading time":"2 minuti"},"schema":{"@context":"https:\/\/schema.org","@graph":[{"@type":"WebPage","@id":"https:\/\/www.blume-asam.de\/it\/credits\/","url":"https:\/\/www.blume-asam.de\/it\/credits\/","name":"Impressum - Blume &amp; Asam","isPartOf":{"@id":"https:\/\/www.blume-asam.de\/de\/#website"},"datePublished":"2015-10-27T08:54:43+00:00","dateModified":"2023-03-06T14:55:44+00:00","inLanguage":"it-IT","potentialAction":[{"@type":"ReadAction","target":["https:\/\/www.blume-asam.de\/it\/credits\/"]}]},{"@type":"WebSite","@id":"https:\/\/www.blume-asam.de\/de\/#website","url":"https:\/\/www.blume-asam.de\/de\/","name":"Blume &amp; Asam","description":"Rechtsanw\u00e4lte","potentialAction":[{"@type":"SearchAction","target":{"@type":"EntryPoint","urlTemplate":"https:\/\/www.blume-asam.de\/de\/?s={search_term_string}"},"query-input":"required name=search_term_string"}],"inLanguage":"it-IT"}]}},"_links":{"self":[{"href":"https:\/\/www.blume-asam.de\/it\/wp-json\/wp\/v2\/pages\/552"}],"collection":[{"href":"https:\/\/www.blume-asam.de\/it\/wp-json\/wp\/v2\/pages"}],"about":[{"href":"https:\/\/www.blume-asam.de\/it\/wp-json\/wp\/v2\/types\/page"}],"author":[{"embeddable":true,"href":"https:\/\/www.blume-asam.de\/it\/wp-json\/wp\/v2\/users\/1"}],"replies":[{"embeddable":true,"href":"https:\/\/www.blume-asam.de\/it\/wp-json\/wp\/v2\/comments?post=552"}],"version-history":[{"count":22,"href":"https:\/\/www.blume-asam.de\/it\/wp-json\/wp\/v2\/pages\/552\/revisions"}],"predecessor-version":[{"id":3848,"href":"https:\/\/www.blume-asam.de\/it\/wp-json\/wp\/v2\/pages\/552\/revisions\/3848"}],"wp:attachment":[{"href":"https:\/\/www.blume-asam.de\/it\/wp-json\/wp\/v2\/media?parent=552"}],"curies":[{"name":"wp","href":"https:\/\/api.w.org\/{rel}","templated":true}]}}