{"id":1963,"date":"2016-03-09T11:20:16","date_gmt":"2016-03-09T09:20:16","guid":{"rendered":"https:\/\/www.blume-asam.de\/it\/?page_id=1963"},"modified":"2016-04-01T13:01:38","modified_gmt":"2016-04-01T11:01:38","slug":"informazioni","status":"publish","type":"page","link":"https:\/\/www.blume-asam.de\/it\/informazioni\/","title":{"rendered":"Informazioni"},"content":{"rendered":"<p>Se visitate e utilizzate il nostro sito web, accettate i seguenti regolamenti e indicazioni:<\/p>\n<p><strong>Responsabilit\u00e0 per i contenuti<\/strong><br \/>\nI contenuti del nostro sito web sono stati realizzati con la massima cura. Come provider di servizi secondo \u00a7 7 comma 1 TMG siamo responsabili per i propri contenuti su questi siti secondo le leggi generali. Secondo la legge telemedia (TMG) come provider di servizi non siamo obbligati a sorvegliare informazioni altrui trasmessi o memorizzati oppure ad effettuare delle ricerche in merito a circostanze che indichino la presenza di attivit\u00e0 illecite. Gli obblighi alla rimozione o alla revoca dell\u2019utilizzo di informazioni secondo le leggi generali rimangono invariati. Una responsabilit\u00e0 a tale riguardo \u00e8 per\u00f2 possibile soltanto dal momento in cui si venga a conoscenza di una concreta violazione della legge. Al momento della notifica di violazioni di questo tipo i contenuti in questione saranno immediatamente rimossi.<\/p>\n<p><strong>Responsabilit\u00e0 per i link<\/strong><br \/>\nIl nostro sito web contiene anche link che portano a altri siti web esterni di terzi su cui contenuti non abbiamo alcuna influenza. Pertanto non ci assumiamo nessuna responsabilit\u00e0 per questi contenuti esterni eccetto che nei casi di dolo oppure colpa grave da parte nostra. Per i contenuti dei siti collegati mediante link sono responsabili i relativi provider oppure gestori dei siti. I siti collegati mediante link sono stati controllati in merito a possibili atti illeciti al momento del collegamento. Non erano riconoscibili contenuti illeciti al momento del collegamento. Non ha luogo un controllo permanente dei contenuti dei siti collegati mediante link. Alla notifica di violazioni di legge i link che contengono contenuti illeciti saranno immediatamente rimossi.<\/p>\n<p><strong>Sicurezza<\/strong><br \/>\nFacciamo notare che la trasmissione di dati in internet (p.es. durante la comunicazione via e-mail) pu\u00f2 presentare delle lacune di sicurezza. Non \u00e8 possibile una protezione dei dati contro l\u2019accesso da parte di terzi priva di lacune.<\/p>\n<p><strong>Pubblicit\u00e0 da parte di terzi<\/strong><br \/>\nIn merito all\u2019inoltro di pubblicit\u00e0 e materiale informativo non espressamente richiesto, p.es. via e-mail, ci opponiamo espressamente all\u2019utilizzo di dati di contatto pubblicati nell\u2019ambito dell\u2019obbligo di impressum da parte di terzi. Ci riserviamo la facolt\u00e0 di adire le vie legali in caso di inoltro non richiesto di informazioni pubblicitari, per esempio mediante spam-mail.<\/p>\n<p><strong>Diritti d\u2019autore<\/strong><br \/>\nI diritti d`autore relativi ai testi, immagini, foto, grafici, marchi, logo ecc. spettano esclusivamente allo studio Blume &amp; Asam, salvo eventuali riferimenti a diritti di terzi. Violazioni di un diritto d&#8217;autore possono avere conseguenze di diritto civile e\/o di diritto penale.<\/p>\n","protected":false},"excerpt":{"rendered":"<p>Se visitate e utilizzate il nostro sito web, accettate i seguenti regolamenti e indicazioni: Responsabilit\u00e0 per i contenuti I contenuti del nostro sito web sono stati realizzati con la massima cura. Come provider di servizi secondo \u00a7 7 comma 1 TMG siamo responsabili per i [&hellip;]<\/p>\n","protected":false},"author":1,"featured_media":0,"parent":0,"menu_order":0,"comment_status":"closed","ping_status":"closed","template":"","meta":{"_acf_changed":false,"footnotes":""},"acf":[],"yoast_head":"<!-- This site is optimized with the Yoast SEO plugin v22.5 - https:\/\/yoast.com\/wordpress\/plugins\/seo\/ -->\n<title>Informazioni - Blume &amp; Asam<\/title>\n<meta name=\"robots\" content=\"index, follow, max-snippet:-1, max-image-preview:large, max-video-preview:-1\" \/>\n<link rel=\"canonical\" href=\"https:\/\/www.blume-asam.de\/de\/informationen\/\" \/>\n<meta property=\"og:locale\" content=\"it_IT\" \/>\n<meta property=\"og:type\" content=\"article\" \/>\n<meta property=\"og:title\" content=\"Informazioni - Blume &amp; Asam\" \/>\n<meta property=\"og:description\" content=\"Se visitate e utilizzate il nostro sito web, accettate i seguenti regolamenti e indicazioni: Responsabilit\u00e0 per i contenuti I contenuti del nostro sito web sono stati realizzati con la massima cura. Come provider di servizi secondo \u00a7 7 comma 1 TMG siamo responsabili per i [&hellip;]\" \/>\n<meta property=\"og:url\" content=\"https:\/\/www.blume-asam.de\/de\/informationen\/\" \/>\n<meta property=\"og:site_name\" content=\"Blume &amp; Asam\" \/>\n<meta property=\"article:modified_time\" content=\"2016-04-01T11:01:38+00:00\" \/>\n<meta name=\"twitter:card\" content=\"summary_large_image\" \/>\n<meta name=\"twitter:label1\" content=\"Est. reading time\" \/>\n\t<meta name=\"twitter:data1\" content=\"2 minuti\" \/>\n<script type=\"application\/ld+json\" class=\"yoast-schema-graph\">{\"@context\":\"https:\/\/schema.org\",\"@graph\":[{\"@type\":\"WebPage\",\"@id\":\"https:\/\/www.blume-asam.de\/de\/informationen\/\",\"url\":\"https:\/\/www.blume-asam.de\/de\/informationen\/\",\"name\":\"Informazioni - Blume &amp; Asam\",\"isPartOf\":{\"@id\":\"https:\/\/www.blume-asam.de\/de\/#website\"},\"datePublished\":\"2016-03-09T09:20:16+00:00\",\"dateModified\":\"2016-04-01T11:01:38+00:00\",\"inLanguage\":\"it-IT\",\"potentialAction\":[{\"@type\":\"ReadAction\",\"target\":[\"https:\/\/www.blume-asam.de\/de\/informationen\/\"]}]},{\"@type\":\"WebSite\",\"@id\":\"https:\/\/www.blume-asam.de\/de\/#website\",\"url\":\"https:\/\/www.blume-asam.de\/de\/\",\"name\":\"Blume &amp; Asam\",\"description\":\"Rechtsanw\u00e4lte\",\"potentialAction\":[{\"@type\":\"SearchAction\",\"target\":{\"@type\":\"EntryPoint\",\"urlTemplate\":\"https:\/\/www.blume-asam.de\/de\/?s={search_term_string}\"},\"query-input\":\"required name=search_term_string\"}],\"inLanguage\":\"it-IT\"}]}<\/script>\n<!-- \/ Yoast SEO plugin. -->","yoast_head_json":{"title":"Informazioni - Blume &amp; Asam","robots":{"index":"index","follow":"follow","max-snippet":"max-snippet:-1","max-image-preview":"max-image-preview:large","max-video-preview":"max-video-preview:-1"},"canonical":"https:\/\/www.blume-asam.de\/de\/informationen\/","og_locale":"it_IT","og_type":"article","og_title":"Informazioni - Blume &amp; Asam","og_description":"Se visitate e utilizzate il nostro sito web, accettate i seguenti regolamenti e indicazioni: Responsabilit\u00e0 per i contenuti I contenuti del nostro sito web sono stati realizzati con la massima cura. Come provider di servizi secondo \u00a7 7 comma 1 TMG siamo responsabili per i [&hellip;]","og_url":"https:\/\/www.blume-asam.de\/de\/informationen\/","og_site_name":"Blume &amp; Asam","article_modified_time":"2016-04-01T11:01:38+00:00","twitter_card":"summary_large_image","twitter_misc":{"Est. reading time":"2 minuti"},"schema":{"@context":"https:\/\/schema.org","@graph":[{"@type":"WebPage","@id":"https:\/\/www.blume-asam.de\/de\/informationen\/","url":"https:\/\/www.blume-asam.de\/de\/informationen\/","name":"Informazioni - Blume &amp; Asam","isPartOf":{"@id":"https:\/\/www.blume-asam.de\/de\/#website"},"datePublished":"2016-03-09T09:20:16+00:00","dateModified":"2016-04-01T11:01:38+00:00","inLanguage":"it-IT","potentialAction":[{"@type":"ReadAction","target":["https:\/\/www.blume-asam.de\/de\/informationen\/"]}]},{"@type":"WebSite","@id":"https:\/\/www.blume-asam.de\/de\/#website","url":"https:\/\/www.blume-asam.de\/de\/","name":"Blume &amp; Asam","description":"Rechtsanw\u00e4lte","potentialAction":[{"@type":"SearchAction","target":{"@type":"EntryPoint","urlTemplate":"https:\/\/www.blume-asam.de\/de\/?s={search_term_string}"},"query-input":"required name=search_term_string"}],"inLanguage":"it-IT"}]}},"_links":{"self":[{"href":"https:\/\/www.blume-asam.de\/it\/wp-json\/wp\/v2\/pages\/1963"}],"collection":[{"href":"https:\/\/www.blume-asam.de\/it\/wp-json\/wp\/v2\/pages"}],"about":[{"href":"https:\/\/www.blume-asam.de\/it\/wp-json\/wp\/v2\/types\/page"}],"author":[{"embeddable":true,"href":"https:\/\/www.blume-asam.de\/it\/wp-json\/wp\/v2\/users\/1"}],"replies":[{"embeddable":true,"href":"https:\/\/www.blume-asam.de\/it\/wp-json\/wp\/v2\/comments?post=1963"}],"version-history":[{"count":6,"href":"https:\/\/www.blume-asam.de\/it\/wp-json\/wp\/v2\/pages\/1963\/revisions"}],"predecessor-version":[{"id":2691,"href":"https:\/\/www.blume-asam.de\/it\/wp-json\/wp\/v2\/pages\/1963\/revisions\/2691"}],"wp:attachment":[{"href":"https:\/\/www.blume-asam.de\/it\/wp-json\/wp\/v2\/media?parent=1963"}],"curies":[{"name":"wp","href":"https:\/\/api.w.org\/{rel}","templated":true}]}}