{"id":310,"date":"2015-10-19T13:14:13","date_gmt":"2015-10-19T13:14:13","guid":{"rendered":"https:\/\/www.reiterer-marangoni.it\/de\/?page_id=310"},"modified":"2023-03-06T16:54:28","modified_gmt":"2023-03-06T14:54:28","slug":"impressum","status":"publish","type":"page","link":"https:\/\/www.blume-asam.de\/de\/impressum\/","title":{"rendered":"Impressum"},"content":{"rendered":"<p>Informationen gem\u00e4\u00df <a href=\"http:\/\/www.gesetze-im-internet.de\/tmg\/__5.html\" target=\"_blank\" rel=\"noopener\">\u00a7 5 Telemediengesetz (TMG)<\/a><\/p>\n<p>Anbieter der Website:<\/p>\n<p><strong>Blume &amp; Asam<\/strong><br \/>\n<strong> Rechtsanw\u00e4lte &#8211; Avvocati<\/strong><\/p>\n<p>Adamstra\u00dfe 4<br \/>\nD-80636 M\u00fcnchen<\/p>\n<p>Tel +49 89 121536 0<br \/>\nFax +49 89 121536 24<\/p>\n<p>E-Mail: <a href=\"mailto:info@blume-asam.de\">info@blume-asam.de<\/a><\/p>\n<p>USt-IdNr: DE129731676<\/p>\n<p><strong>Die Rechtsanw\u00e4lte<\/strong><\/p>\n<p>Die im Rahmen dieser Website vorgestellten Rechtsanw\u00e4lte der Kanzlei Blume &amp; Asam sind mit Ausnahme von Dr. Guido Marangoni als Rechtsanw\u00e4lte in der Bundesrepublik Deutschland zugelassen und Mitglieder der Rechtsanwaltskammer M\u00fcnchen (www.rechtsanwaltskammer-muenchen.de). Dr. Karl Reiterer ist auch als Avvocato und Dr. Guido Marangoni ist nur als Avvocato in Italien bei der Rechtsanwaltskammer in Bozen\/Bolzano zugelassen (<a href=\"http:\/\/www.ordineavvocati.bz.it\/de\/kontakt.php\" target=\"_blank\" rel=\"noopener\">www.ordineavvocati.bz.it<\/a>).<\/p>\n<p><strong>T\u00e4tigkeit<\/strong><\/p>\n<p>Die T\u00e4tigkeit der in Deutschland zugelassenen Rechtsanw\u00e4ltinnen und Rechtsanw\u00e4lte unterliegt den folgenden berufsrechtlichen Regelungen, die \u00fcber die Website der Bundesrechtsanwaltskammer (www.brak.de) auf der Unterseite <a href=\"http:\/\/www.brak.de\/fuer-anwaelte\/berufsrecht\/\" target=\"_blank\" rel=\"noopener\">&#8222;Berufsrecht&#8220;<\/a> eingesehen werden k\u00f6nnen:<\/p>\n<p>Bundesrechtsanwaltsordnung (BRAO),<br \/>\nBerufsordnung (BORA),<br \/>\nFachanwaltsordnung (FAO),<br \/>\nGesetz \u00fcber die Verg\u00fctung der Rechtsanw\u00e4ltinnen und Rechtsanw\u00e4lte (RVG)<br \/>\nBerufsregeln der Rechtsanw\u00e4lte der Europ\u00e4ischen Gemeinschaft (CCBE-Berufsregeln)<br \/>\nGesetz \u00fcber die T\u00e4tigkeit europ\u00e4ischer Rechtsanw\u00e4lte in Deutschland (EuRAG)<br \/>\nLaw Implementing the Directives of the European Community pertaining to the professional law regulating the legal profession<\/p>\n<p><strong>Berufshaftpflichtversicherung<\/strong><\/p>\n<p>Die Berufshaftpflichtversicherung besteht bei der ERGO Versicherung AG (Amtsgericht D\u00fcsseldorf HRB 36466)<\/p>\n<p><strong>Verantwortlich<\/strong> f\u00fcr den Inhalt (\u00a7 18 MStV):<\/p>\n<p>Dr. Wolfgang Ertel<\/p>\n<p>Realisierung, Hosting: <a href=\"http:\/\/www.wunderfarm.com\" target=\"_blank\" rel=\"noopener\">wunderfarm<\/a><br \/>\nKonzept, Webdesign: <a href=\"http:\/\/www.n-project.com\" target=\"_blank\" rel=\"noopener\">n!project<\/a><\/p>\n<p>Fotos: Elisabeth H\u00f6lzl, Adobestock<\/p>\n<h2><\/h2>\n","protected":false},"excerpt":{"rendered":"<p>Informationen gem\u00e4\u00df \u00a7 5 Telemediengesetz (TMG) Anbieter der Website: Blume &amp; Asam Rechtsanw\u00e4lte &#8211; Avvocati Adamstra\u00dfe 4 D-80636 M\u00fcnchen Tel +49 89 121536 0 Fax +49 89 121536 24 E-Mail: info@blume-asam.de USt-IdNr: DE129731676 Die Rechtsanw\u00e4lte Die im Rahmen dieser Website vorgestellten Rechtsanw\u00e4lte der Kanzlei Blume [&hellip;]<\/p>\n","protected":false},"author":1,"featured_media":0,"parent":0,"menu_order":0,"comment_status":"closed","ping_status":"closed","template":"","meta":{"_acf_changed":false,"footnotes":""},"acf":[],"yoast_head":"<!-- This site is optimized with the Yoast SEO plugin v22.5 - https:\/\/yoast.com\/wordpress\/plugins\/seo\/ -->\n<title>Impressum - Blume &amp; Asam<\/title>\n<meta name=\"robots\" content=\"index, follow, max-snippet:-1, max-image-preview:large, max-video-preview:-1\" \/>\n<link rel=\"canonical\" href=\"https:\/\/www.blume-asam.de\/de\/impressum\/\" \/>\n<meta property=\"og:locale\" content=\"de_DE\" \/>\n<meta property=\"og:type\" content=\"article\" \/>\n<meta property=\"og:title\" content=\"Impressum - Blume &amp; Asam\" \/>\n<meta property=\"og:description\" content=\"Informationen gem\u00e4\u00df \u00a7 5 Telemediengesetz (TMG) Anbieter der Website: Blume &amp; Asam Rechtsanw\u00e4lte &#8211; Avvocati Adamstra\u00dfe 4 D-80636 M\u00fcnchen Tel +49 89 121536 0 Fax +49 89 121536 24 E-Mail: info@blume-asam.de USt-IdNr: DE129731676 Die Rechtsanw\u00e4lte Die im Rahmen dieser Website vorgestellten Rechtsanw\u00e4lte der Kanzlei Blume [&hellip;]\" \/>\n<meta property=\"og:url\" content=\"https:\/\/www.blume-asam.de\/de\/impressum\/\" \/>\n<meta property=\"og:site_name\" content=\"Blume &amp; Asam\" \/>\n<meta property=\"article:modified_time\" content=\"2023-03-06T14:54:28+00:00\" \/>\n<meta name=\"twitter:card\" content=\"summary_large_image\" \/>\n<meta name=\"twitter:label1\" content=\"Est. reading time\" \/>\n\t<meta name=\"twitter:data1\" content=\"2 Minuten\" \/>\n<script type=\"application\/ld+json\" class=\"yoast-schema-graph\">{\"@context\":\"https:\/\/schema.org\",\"@graph\":[{\"@type\":\"WebPage\",\"@id\":\"https:\/\/www.blume-asam.de\/de\/impressum\/\",\"url\":\"https:\/\/www.blume-asam.de\/de\/impressum\/\",\"name\":\"Impressum - Blume &amp; Asam\",\"isPartOf\":{\"@id\":\"https:\/\/www.blume-asam.de\/de\/#website\"},\"datePublished\":\"2015-10-19T13:14:13+00:00\",\"dateModified\":\"2023-03-06T14:54:28+00:00\",\"inLanguage\":\"de-DE\",\"potentialAction\":[{\"@type\":\"ReadAction\",\"target\":[\"https:\/\/www.blume-asam.de\/de\/impressum\/\"]}]},{\"@type\":\"WebSite\",\"@id\":\"https:\/\/www.blume-asam.de\/de\/#website\",\"url\":\"https:\/\/www.blume-asam.de\/de\/\",\"name\":\"Blume &amp; Asam\",\"description\":\"Rechtsanw\u00e4lte\",\"potentialAction\":[{\"@type\":\"SearchAction\",\"target\":{\"@type\":\"EntryPoint\",\"urlTemplate\":\"https:\/\/www.blume-asam.de\/de\/?s={search_term_string}\"},\"query-input\":\"required name=search_term_string\"}],\"inLanguage\":\"de-DE\"}]}<\/script>\n<!-- \/ Yoast SEO plugin. -->","yoast_head_json":{"title":"Impressum - Blume &amp; Asam","robots":{"index":"index","follow":"follow","max-snippet":"max-snippet:-1","max-image-preview":"max-image-preview:large","max-video-preview":"max-video-preview:-1"},"canonical":"https:\/\/www.blume-asam.de\/de\/impressum\/","og_locale":"de_DE","og_type":"article","og_title":"Impressum - Blume &amp; Asam","og_description":"Informationen gem\u00e4\u00df \u00a7 5 Telemediengesetz (TMG) Anbieter der Website: Blume &amp; Asam Rechtsanw\u00e4lte &#8211; Avvocati Adamstra\u00dfe 4 D-80636 M\u00fcnchen Tel +49 89 121536 0 Fax +49 89 121536 24 E-Mail: info@blume-asam.de USt-IdNr: DE129731676 Die Rechtsanw\u00e4lte Die im Rahmen dieser Website vorgestellten Rechtsanw\u00e4lte der Kanzlei Blume [&hellip;]","og_url":"https:\/\/www.blume-asam.de\/de\/impressum\/","og_site_name":"Blume &amp; Asam","article_modified_time":"2023-03-06T14:54:28+00:00","twitter_card":"summary_large_image","twitter_misc":{"Est. reading time":"2 Minuten"},"schema":{"@context":"https:\/\/schema.org","@graph":[{"@type":"WebPage","@id":"https:\/\/www.blume-asam.de\/de\/impressum\/","url":"https:\/\/www.blume-asam.de\/de\/impressum\/","name":"Impressum - Blume &amp; Asam","isPartOf":{"@id":"https:\/\/www.blume-asam.de\/de\/#website"},"datePublished":"2015-10-19T13:14:13+00:00","dateModified":"2023-03-06T14:54:28+00:00","inLanguage":"de-DE","potentialAction":[{"@type":"ReadAction","target":["https:\/\/www.blume-asam.de\/de\/impressum\/"]}]},{"@type":"WebSite","@id":"https:\/\/www.blume-asam.de\/de\/#website","url":"https:\/\/www.blume-asam.de\/de\/","name":"Blume &amp; Asam","description":"Rechtsanw\u00e4lte","potentialAction":[{"@type":"SearchAction","target":{"@type":"EntryPoint","urlTemplate":"https:\/\/www.blume-asam.de\/de\/?s={search_term_string}"},"query-input":"required name=search_term_string"}],"inLanguage":"de-DE"}]}},"_links":{"self":[{"href":"https:\/\/www.blume-asam.de\/de\/wp-json\/wp\/v2\/pages\/310"}],"collection":[{"href":"https:\/\/www.blume-asam.de\/de\/wp-json\/wp\/v2\/pages"}],"about":[{"href":"https:\/\/www.blume-asam.de\/de\/wp-json\/wp\/v2\/types\/page"}],"author":[{"embeddable":true,"href":"https:\/\/www.blume-asam.de\/de\/wp-json\/wp\/v2\/users\/1"}],"replies":[{"embeddable":true,"href":"https:\/\/www.blume-asam.de\/de\/wp-json\/wp\/v2\/comments?post=310"}],"version-history":[{"count":29,"href":"https:\/\/www.blume-asam.de\/de\/wp-json\/wp\/v2\/pages\/310\/revisions"}],"predecessor-version":[{"id":3847,"href":"https:\/\/www.blume-asam.de\/de\/wp-json\/wp\/v2\/pages\/310\/revisions\/3847"}],"wp:attachment":[{"href":"https:\/\/www.blume-asam.de\/de\/wp-json\/wp\/v2\/media?parent=310"}],"curies":[{"name":"wp","href":"https:\/\/api.w.org\/{rel}","templated":true}]}}