{"id":1961,"date":"2016-03-09T11:19:57","date_gmt":"2016-03-09T09:19:57","guid":{"rendered":"https:\/\/www.blume-asam.de\/de\/?page_id=1961"},"modified":"2023-03-06T16:52:12","modified_gmt":"2023-03-06T14:52:12","slug":"informationen","status":"publish","type":"page","link":"https:\/\/www.blume-asam.de\/de\/informationen\/","title":{"rendered":"Informationen"},"content":{"rendered":"<p>Durch Ihren Besuch und Ihre Nutzung unserer Website akzeptieren Sie folgende Regelungen und Hinweise:<\/p>\n<p><strong>Haftung f\u00fcr Inhalte<\/strong><\/p>\n<p>Die Inhalte unserer Website wurden mit gr\u00f6\u00dfter Sorgfalt erstellt. Als Diensteanbieter sind wir gem\u00e4\u00df \u00a7 7 Abs.1 TMG f\u00fcr eigene Inhalte auf diesen Seiten nach den allgemeinen Gesetzen verantwortlich. Gem\u00e4\u00df Telemediengesetz (TMG) sind wir als Diensteanbieter nicht verpflichtet, \u00fcbermittelte oder gespeicherte fremde Informationen zu \u00fcberwachen oder nach Umst\u00e4nden zu forschen, die auf eine rechtswidrige T\u00e4tigkeit hinweisen. Verpflichtungen zur Entfernung oder Sperrung der Nutzung von Informationen nach den allgemeinen Gesetzen bleiben hiervon unber\u00fchrt. Eine diesbez\u00fcgliche Haftung ist jedoch erst ab dem Zeitpunkt der Kenntnis einer konkreten Rechtsverletzung m\u00f6glich. Bei Bekanntwerden von entsprechenden Rechtsverletzungen werden wir diese Inhalte umgehend entfernen.<\/p>\n<p><strong>Haftung f\u00fcr Links<\/strong><\/p>\n<p>Unsere Website enth\u00e4lt auch Links zu externen Webseiten Dritter. Auf die Inhalte dieser verlinkten Websites haben wir keinen Einfluss. Deshalb \u00fcbernehmen wir f\u00fcr diese fremden Inhalte au\u00dfer bei eigenem Vorsatz und eigener grober Fahrl\u00e4ssigkeit auch keine Gew\u00e4hr. F\u00fcr die Inhalte der verlinkten Seiten ist der jeweilige Anbieter oder Betreiber der Seiten verantwortlich. Die verlinkten Seiten wurden von uns zum Zeitpunkt der Verlinkung auf m\u00f6gliche Rechtsverst\u00f6\u00dfe \u00fcberpr\u00fcft. Rechtswidrige Inhalte waren zum Zeitpunkt der Verlinkung nicht erkennbar. Eine permanente inhaltliche Kontrolle der verlinkten Seiten findet nicht statt. Bei Bekanntwerden von Rechtsverletzungen werden wir Links mit rechtswidrigen Inhalten umgehend entfernen.<\/p>\n<p><strong>Sicherheit<\/strong><\/p>\n<p>Wir weisen darauf hin, dass die Daten\u00fcbertragung im Internet (z.B. bei der Kommunikation per E-Mail) Sicherheitsl\u00fccken aufweisen kann. Ein l\u00fcckenloser Schutz der Daten vor dem Zugriff durch Dritte ist nicht m\u00f6glich.<\/p>\n<p><strong>Werbung Dritter<\/strong><\/p>\n<p>Der Nutzung Kontakdaten, die wir im Rahmen der Impressumspflicht ver\u00f6ffentlichen, durch Dritte zum Zwecke der \u00dcbersendung von nicht ausdr\u00fccklich angeforderter Werbung und Informationsmaterialien, etwa per Email, wird \u00a0widersprochen. Wir behalten uns rechtliche Schritte im Falle der unverlangten Zusendung von Werbeinformationen vor, etwa durch Spam-Mails.<\/p>\n<p><strong>Urheberrechte<\/strong><\/p>\n<p>Die urheberrechtlichen Nutzungsrechte an den Texten, Bildern, Fotos, Grafiken, Marken, Logos etc. stehen unbeschadet etwaiger Hinweise auf Rechte Dritter ausschlie\u00dflich Blume &amp; Asam zu. Rechtsverletzungen k\u00f6nnen zivilrechtliche und\/oder strafrechtliche Folgen haben.<\/p>\n","protected":false},"excerpt":{"rendered":"<p>Durch Ihren Besuch und Ihre Nutzung unserer Website akzeptieren Sie folgende Regelungen und Hinweise: Haftung f\u00fcr Inhalte Die Inhalte unserer Website wurden mit gr\u00f6\u00dfter Sorgfalt erstellt. Als Diensteanbieter sind wir gem\u00e4\u00df \u00a7 7 Abs.1 TMG f\u00fcr eigene Inhalte auf diesen Seiten nach den allgemeinen Gesetzen [&hellip;]<\/p>\n","protected":false},"author":1,"featured_media":0,"parent":0,"menu_order":0,"comment_status":"closed","ping_status":"closed","template":"","meta":{"_acf_changed":false,"footnotes":""},"acf":[],"yoast_head":"<!-- This site is optimized with the Yoast SEO plugin v22.5 - https:\/\/yoast.com\/wordpress\/plugins\/seo\/ -->\n<title>Informationen - Blume &amp; Asam<\/title>\n<meta name=\"robots\" content=\"index, follow, max-snippet:-1, max-image-preview:large, max-video-preview:-1\" \/>\n<link rel=\"canonical\" href=\"https:\/\/www.blume-asam.de\/de\/informationen\/\" \/>\n<meta property=\"og:locale\" content=\"de_DE\" \/>\n<meta property=\"og:type\" content=\"article\" \/>\n<meta property=\"og:title\" content=\"Informationen - Blume &amp; Asam\" \/>\n<meta property=\"og:description\" content=\"Durch Ihren Besuch und Ihre Nutzung unserer Website akzeptieren Sie folgende Regelungen und Hinweise: Haftung f\u00fcr Inhalte Die Inhalte unserer Website wurden mit gr\u00f6\u00dfter Sorgfalt erstellt. Als Diensteanbieter sind wir gem\u00e4\u00df \u00a7 7 Abs.1 TMG f\u00fcr eigene Inhalte auf diesen Seiten nach den allgemeinen Gesetzen [&hellip;]\" \/>\n<meta property=\"og:url\" content=\"https:\/\/www.blume-asam.de\/de\/informationen\/\" \/>\n<meta property=\"og:site_name\" content=\"Blume &amp; Asam\" \/>\n<meta property=\"article:modified_time\" content=\"2023-03-06T14:52:12+00:00\" \/>\n<meta name=\"twitter:card\" content=\"summary_large_image\" \/>\n<meta name=\"twitter:label1\" content=\"Est. reading time\" \/>\n\t<meta name=\"twitter:data1\" content=\"2 Minuten\" \/>\n<script type=\"application\/ld+json\" class=\"yoast-schema-graph\">{\"@context\":\"https:\/\/schema.org\",\"@graph\":[{\"@type\":\"WebPage\",\"@id\":\"https:\/\/www.blume-asam.de\/de\/informationen\/\",\"url\":\"https:\/\/www.blume-asam.de\/de\/informationen\/\",\"name\":\"Informationen - Blume &amp; Asam\",\"isPartOf\":{\"@id\":\"https:\/\/www.blume-asam.de\/de\/#website\"},\"datePublished\":\"2016-03-09T09:19:57+00:00\",\"dateModified\":\"2023-03-06T14:52:12+00:00\",\"inLanguage\":\"de-DE\",\"potentialAction\":[{\"@type\":\"ReadAction\",\"target\":[\"https:\/\/www.blume-asam.de\/de\/informationen\/\"]}]},{\"@type\":\"WebSite\",\"@id\":\"https:\/\/www.blume-asam.de\/de\/#website\",\"url\":\"https:\/\/www.blume-asam.de\/de\/\",\"name\":\"Blume &amp; Asam\",\"description\":\"Rechtsanw\u00e4lte\",\"potentialAction\":[{\"@type\":\"SearchAction\",\"target\":{\"@type\":\"EntryPoint\",\"urlTemplate\":\"https:\/\/www.blume-asam.de\/de\/?s={search_term_string}\"},\"query-input\":\"required name=search_term_string\"}],\"inLanguage\":\"de-DE\"}]}<\/script>\n<!-- \/ Yoast SEO plugin. -->","yoast_head_json":{"title":"Informationen - Blume &amp; Asam","robots":{"index":"index","follow":"follow","max-snippet":"max-snippet:-1","max-image-preview":"max-image-preview:large","max-video-preview":"max-video-preview:-1"},"canonical":"https:\/\/www.blume-asam.de\/de\/informationen\/","og_locale":"de_DE","og_type":"article","og_title":"Informationen - Blume &amp; Asam","og_description":"Durch Ihren Besuch und Ihre Nutzung unserer Website akzeptieren Sie folgende Regelungen und Hinweise: Haftung f\u00fcr Inhalte Die Inhalte unserer Website wurden mit gr\u00f6\u00dfter Sorgfalt erstellt. Als Diensteanbieter sind wir gem\u00e4\u00df \u00a7 7 Abs.1 TMG f\u00fcr eigene Inhalte auf diesen Seiten nach den allgemeinen Gesetzen [&hellip;]","og_url":"https:\/\/www.blume-asam.de\/de\/informationen\/","og_site_name":"Blume &amp; Asam","article_modified_time":"2023-03-06T14:52:12+00:00","twitter_card":"summary_large_image","twitter_misc":{"Est. reading time":"2 Minuten"},"schema":{"@context":"https:\/\/schema.org","@graph":[{"@type":"WebPage","@id":"https:\/\/www.blume-asam.de\/de\/informationen\/","url":"https:\/\/www.blume-asam.de\/de\/informationen\/","name":"Informationen - Blume &amp; Asam","isPartOf":{"@id":"https:\/\/www.blume-asam.de\/de\/#website"},"datePublished":"2016-03-09T09:19:57+00:00","dateModified":"2023-03-06T14:52:12+00:00","inLanguage":"de-DE","potentialAction":[{"@type":"ReadAction","target":["https:\/\/www.blume-asam.de\/de\/informationen\/"]}]},{"@type":"WebSite","@id":"https:\/\/www.blume-asam.de\/de\/#website","url":"https:\/\/www.blume-asam.de\/de\/","name":"Blume &amp; Asam","description":"Rechtsanw\u00e4lte","potentialAction":[{"@type":"SearchAction","target":{"@type":"EntryPoint","urlTemplate":"https:\/\/www.blume-asam.de\/de\/?s={search_term_string}"},"query-input":"required name=search_term_string"}],"inLanguage":"de-DE"}]}},"_links":{"self":[{"href":"https:\/\/www.blume-asam.de\/de\/wp-json\/wp\/v2\/pages\/1961"}],"collection":[{"href":"https:\/\/www.blume-asam.de\/de\/wp-json\/wp\/v2\/pages"}],"about":[{"href":"https:\/\/www.blume-asam.de\/de\/wp-json\/wp\/v2\/types\/page"}],"author":[{"embeddable":true,"href":"https:\/\/www.blume-asam.de\/de\/wp-json\/wp\/v2\/users\/1"}],"replies":[{"embeddable":true,"href":"https:\/\/www.blume-asam.de\/de\/wp-json\/wp\/v2\/comments?post=1961"}],"version-history":[{"count":9,"href":"https:\/\/www.blume-asam.de\/de\/wp-json\/wp\/v2\/pages\/1961\/revisions"}],"predecessor-version":[{"id":3846,"href":"https:\/\/www.blume-asam.de\/de\/wp-json\/wp\/v2\/pages\/1961\/revisions\/3846"}],"wp:attachment":[{"href":"https:\/\/www.blume-asam.de\/de\/wp-json\/wp\/v2\/media?parent=1961"}],"curies":[{"name":"wp","href":"https:\/\/api.w.org\/{rel}","templated":true}]}}